{"id":1815,"date":"2025-09-17T19:03:44","date_gmt":"2025-09-17T19:03:44","guid":{"rendered":"https:\/\/bck.com.pe\/web\/home\/"},"modified":"2026-01-30T01:58:10","modified_gmt":"2026-01-30T01:58:10","slug":"inicio","status":"publish","type":"page","link":"https:\/\/bck.com.pe\/web\/","title":{"rendered":"Inicio"},"content":{"rendered":"\n<div class=\"wp-block-uagb-container uagb-block-a547bfb9 alignfull uagb-is-root-container\"><div class=\"uagb-container-inner-blocks-wrap\">\n<div class=\"wp-block-uagb-advanced-heading uagb-block-447481e4\"><h1 class=\"uagb-heading-text\">EXCELENCIA OPERACIONAL<\/h1><p class=\"uagb-desc-text\"><strong>Mas de 10 a\u00f1os liderando la excelencia operacional en el sector minero<\/strong><\/p><\/div>\n\n\n\n<p class=\"has-vivid-green-cyan-color has-text-color has-link-color wp-elements-2a01180342af993cb897cf700604d1f1\"><\/p>\n<\/div><\/div>\n\n\n\n<div class=\"wp-block-uagb-container uagb-block-a8425de0 alignfull uagb-is-root-container\"><div class=\"uagb-container-inner-blocks-wrap\">\n<div class=\"wp-block-uagb-container uagb-block-431b38a8\">\n<div class=\"wp-block-uagb-info-box uagb-block-c32e3fa2 uagb-infobox__content-wrap  uagb-infobox-icon-above-title uagb-infobox-image-valign-top\"><div class=\"uagb-ifb-content\"><div class=\"uagb-ifb-title-wrap\"><span class=\"uagb-ifb-title-prefix\"><strong>\u201cTransformamos eficiencia en resultados sostenibles\u201d<\/strong><\/span><div class=\"uagb-ifb-separator\"><\/div><p class=\"uagb-ifb-title\"><strong>En BCK entendemos que los procesos mineros no es s\u00f3lo extraer minerales, es articular eficiencia y seguridad para generar valor sostenible<\/strong>.<\/p><\/div><p class=\"uagb-ifb-desc\">Por m\u00e1s de una d\u00e9cada, hemos acompa\u00f1ado a empresas mineras de distintos tama\u00f1os, brindando servicios y soluciones que optimizan sus operaciones, reducen riesgos y elevan los est\u00e1ndares productivos.<\/p><\/div><\/div>\n\n\n\n<div class=\"wp-block-uagb-icon-list uagb-block-30b00c54\"><div class=\"uagb-icon-list__wrap\">\n<div class=\"wp-block-uagb-icon-list-child uagb-block-968a9317\"><span class=\"uagb-icon-list__source-wrap\"><svg xmlns=\"https:\/\/www.w3.org\/2000\/svg\" viewBox=\"0 0 512 512\"><path d=\"M18.92 351.2l108.5-46.52c12.78-5.531 27.77-1.801 36.45 8.98l44.09 53.82c69.25-34 125.5-90.31 159.5-159.5l-53.81-44.04c-10.75-8.781-14.41-23.69-8.974-36.47l46.51-108.5c6.094-13.91 21.1-21.52 35.79-18.11l100.8 23.25c14.25 3.25 24.22 15.8 24.22 30.46c0 252.3-205.2 457.5-457.5 457.5c-14.67 0-27.18-9.968-30.45-24.22l-23.25-100.8C-2.571 372.4 5.018 357.2 18.92 351.2z\"><\/path><\/svg><\/span><span class=\"uagb-icon-list__label\">Contactenos\u200b<\/span><\/div>\n<\/div><\/div>\n\n\n\n<div class=\"wp-block-buttons is-layout-flex wp-block-buttons-is-layout-flex\">\n<div class=\"wp-block-button\"><a class=\"wp-block-button__link wp-element-button\" href=\"https:\/\/api.whatsapp.com\/send\/?phone=51987542236&amp;text&amp;type=phone_number&amp;app_absent=0\"><strong>+51  987 542 236\u200b<\/strong><\/a><\/div>\n<\/div>\n<\/div>\n\n\n\n<div class=\"wp-block-uagb-container uagb-block-cca202fd\">\n<figure class=\"wp-block-image size-full has-custom-border\"><img loading=\"lazy\" decoding=\"async\" width=\"792\" height=\"560\" src=\"https:\/\/bck.com.pe\/web\/wp-content\/uploads\/2025\/09\/FONDO_FOTO01.png\" alt=\"\" class=\"wp-image-3950\" style=\"border-radius:25px\" srcset=\"https:\/\/bck.com.pe\/web\/wp-content\/uploads\/2025\/09\/FONDO_FOTO01.png 792w, https:\/\/bck.com.pe\/web\/wp-content\/uploads\/2025\/09\/FONDO_FOTO01-300x212.png 300w, https:\/\/bck.com.pe\/web\/wp-content\/uploads\/2025\/09\/FONDO_FOTO01-768x543.png 768w\" sizes=\"auto, (max-width: 792px) 100vw, 792px\" \/><\/figure>\n<\/div>\n<\/div><\/div>\n\n\n\n<div data-aos= \"flip-up\" data-aos-duration=\"400\" data-aos-delay=\"0\" data-aos-easing=\"ease\" data-aos-once=\"true\" class=\"wp-block-uagb-container uag-blocks-common-selector uagb-block-edbeb5ab alignfull uagb-is-root-container\"><div class=\"uagb-container-inner-blocks-wrap\">\n<div class=\"wp-block-uagb-info-box uagb-block-f7d55f89 uagb-infobox__content-wrap  uagb-infobox-icon-above-title uagb-infobox-image-valign-top\" id=\"https:\/\/bck.com.pe\/web\/apps\/flipbookpdf\/\"><div class=\"uagb-ifb-content\"><div class=\"uagb-ifb-title-wrap\"><div class=\"uagb-ifb-separator\"><\/div><h2 class=\"uagb-ifb-title\">EXCELENCIA OPERACIONAL<\/h2><\/div><p class=\"uagb-ifb-desc\"><strong>\u201cTransformamos eficiencia en resultados sostenibles\u201d<\/strong><\/p><div class=\"uagb-ifb-button-wrapper wp-block-button\"><a href=\"https:\/\/bck.com.pe\/web\/apps\/flipbookpdf\/\" class=\"uagb-infobox-cta-link wp-block-button__link\" target=\"_self\" rel=\"noopener noreferrer\" onclick=\"return true;\"><span class=\"uagb-inline-editing\">BROCHURE EMPRESARIAL<\/span><svg xmlns=\"https:\/\/www.w3.org\/2000\/svg\" viewBox=\"0 0 512 512\"><path d=\"M504.3 273.6l-112.1 104c-6.992 6.484-17.18 8.218-25.94 4.406c-8.758-3.812-14.42-12.45-14.42-21.1L351.9 288H32C14.33 288 .0002 273.7 .0002 255.1S14.33 224 32 224h319.9l0-72c0-9.547 5.66-18.19 14.42-22c8.754-3.809 18.95-2.075 25.94 4.41l112.1 104C514.6 247.9 514.6 264.1 504.3 273.6z\"><\/path><\/svg><\/a><\/div><\/div><\/div>\n<\/div><\/div>\n\n\n\n<figure class=\"wp-block-video\"><video controls loop src=\"https:\/\/bck.com.pe\/web\/wp-content\/uploads\/2025\/09\/Bck-Video.mp4\"><\/video><\/figure>\n\n\n\n<div class=\"wp-block-uagb-container uagb-layout-grid uagb-block-800de521 alignfull uagb-is-root-container\"><div class=\"uagb-container-inner-blocks-wrap\">\n<div class=\"wp-block-uagb-advanced-heading uagb-block-89edf6c7\"><h2 class=\"uagb-heading-text\">NUESTROS PRODUCTOS<\/h2><div class=\"uagb-separator\"><\/div><p class=\"uagb-desc-text\">En <strong>BCK CONTRATISTAS GENERALES<\/strong> ponemos a disposici\u00f3n de la industria minera nuestros productos y experiencia para mejorar sus procesos mineros, asegurando un equilibrio entre seguridad y control de costos en operaciones subterr\u00e1neas.<\/p><\/div>\n\n\n\n<div class=\"wp-block-uagb-buttons uagb-buttons__outer-wrap uagb-btn__default-btn uagb-btn-tablet__default-btn uagb-btn-mobile__default-btn uagb-block-ebcbdc3b\"><div class=\"uagb-buttons__wrap uagb-buttons-layout-wrap \">\n<div class=\"wp-block-uagb-buttons-child uagb-buttons__outer-wrap uagb-block-63193c3e wp-block-button\"><div class=\"uagb-button__wrapper\"><a class=\"uagb-buttons-repeater wp-block-button__link\" aria-label=\"\" href=\"https:\/\/bck.com.pe\/web\/productos\/\" rel=\"follow noopener\" target=\"_self\" role=\"button\"><div class=\"uagb-button__link\">TODOS LOS PRODUCTOS<\/div><span class=\"uagb-button__icon uagb-button__icon-position-after\"><svg xmlns=\"https:\/\/www.w3.org\/2000\/svg\" viewBox=\"0 0 448 512\" aria-hidden=\"true\" focussable=\"false\"><path d=\"M438.6 278.6l-160 160C272.4 444.9 264.2 448 256 448s-16.38-3.125-22.62-9.375c-12.5-12.5-12.5-32.75 0-45.25L338.8 288H32C14.33 288 .0016 273.7 .0016 256S14.33 224 32 224h306.8l-105.4-105.4c-12.5-12.5-12.5-32.75 0-45.25s32.75-12.5 45.25 0l160 160C451.1 245.9 451.1 266.1 438.6 278.6z\"><\/path><\/svg><\/span><\/a><\/div><\/div>\n<\/div><\/div>\n<\/div><\/div>\n\n\n\n<div class=\"wp-block-uagb-container uagb-block-79adbb79 default uagb-is-root-container\">\n<div data-aos= \"zoom-in\" data-aos-duration=\"400\" data-aos-delay=\"0\" data-aos-easing=\"ease\" data-aos-once=\"true\" class=\"wp-block-uagb-container uagb-block-41e9481a\">\n<div class=\"wp-block-uagb-info-box uagb-block-2d0915ae uagb-infobox__content-wrap  uagb-infobox-icon-above-title uagb-infobox-image-valign-top\"><div class=\"uagb-ifb-content\"><div class=\"uagb-ifb-title-wrap\"><p class=\"uagb-ifb-title\"><strong>Proyector de mallas de Perforaci\u00f3n<\/strong><br><strong>con Tecnolog\u00eda L\u00e1ser<\/strong><\/p><\/div><p class=\"uagb-ifb-desc\">01.<\/p><\/div><\/div>\n<\/div>\n\n\n\n<div data-aos= \"zoom-in\" data-aos-duration=\"400\" data-aos-delay=\"0\" data-aos-easing=\"ease\" data-aos-once=\"true\" class=\"wp-block-uagb-container uagb-block-785723fd\">\n<div class=\"wp-block-uagb-info-box uagb-block-f5c8ba9b uagb-infobox__content-wrap  uagb-infobox-icon-above-title uagb-infobox-image-valign-top\"><div class=\"uagb-ifb-content\"><div class=\"uagb-ifb-title-wrap\"><p class=\"uagb-ifb-title\">Mini Container Port\u00e1til para transportar Explosivos<\/p><\/div><p class=\"uagb-ifb-desc\">02.<\/p><\/div><\/div>\n<\/div>\n<\/div>\n\n\n\n<div class=\"wp-block-uagb-container uagb-block-ad138a5c default uagb-is-root-container\">\n<div data-aos= \"zoom-in\" data-aos-duration=\"400\" data-aos-delay=\"0\" data-aos-easing=\"ease\" data-aos-once=\"true\" class=\"wp-block-uagb-container uagb-block-36d10a51\">\n<div class=\"wp-block-uagb-info-box uagb-block-fbe097e6 uagb-infobox__content-wrap  uagb-infobox-icon-above-title uagb-infobox-image-valign-top\"><div class=\"uagb-ifb-content\"><div class=\"uagb-ifb-title-wrap\"><h3 class=\"uagb-ifb-title\">Cargadora de Cartuchos<\/h3><\/div><p class=\"uagb-ifb-desc\">03.<\/p><\/div><\/div>\n<\/div>\n\n\n\n<div data-aos= \"zoom-in\" data-aos-duration=\"400\" data-aos-delay=\"0\" data-aos-easing=\"ease\" data-aos-once=\"true\" class=\"wp-block-uagb-container uagb-block-17ee8d36\">\n<div class=\"wp-block-uagb-info-box uagb-block-f48cda72 uagb-infobox__content-wrap  uagb-infobox-icon-above-title uagb-infobox-image-valign-top\"><div class=\"uagb-ifb-content\"><div class=\"uagb-ifb-title-wrap\"><h3 class=\"uagb-ifb-title\">Dispositivo de disparo remoto<\/h3><\/div><p class=\"uagb-ifb-desc\">04.<\/p><\/div><\/div>\n<\/div>\n<\/div>\n\n\n\n<div class=\"wp-block-uagb-container uagb-block-ab2d8654 alignfull uagb-is-root-container\"><div class=\"uagb-container-inner-blocks-wrap\">\n<div class=\"wp-block-uagb-advanced-heading uagb-block-7a9d20e5\"><h2 class=\"uagb-heading-text\">SERVICIOS <\/h2><div class=\"uagb-separator\"><\/div><p class=\"uagb-desc-text\">En <strong>BCK CONTRATISTAS GENERALES<\/strong> ponemos a disposici\u00f3n de la industria minera nuestra experiencia y tecnolog\u00eda para optimizar sus procesos mineros<\/p><\/div>\n\n\n\n<div class=\"wp-block-uagb-container uagb-block-ecf3325a\">\n<div class=\"wp-block-uagb-container uagb-block-cba15a10\">\n<div data-aos= \"fade-left\" data-aos-duration=\"400\" data-aos-delay=\"0\" data-aos-easing=\"ease\" data-aos-once=\"true\" class=\"wp-block-uagb-info-box uagb-block-ad1e75d9 uagb-infobox__content-wrap  uagb-infobox-icon-above-title uagb-infobox-image-valign-top\"><div class=\"uagb-ifb-content\"><div class=\"uagb-ifb-image-content\"><img decoding=\"async\" src=\"https:\/\/bck.com.pe\/web\/wp-content\/uploads\/2025\/09\/excelenciaoperativa0003-min.png\" alt=\"\" width=\"1161\" height=\"866\" loading=\"lazy\"\/><\/div><div class=\"uagb-ifb-title-wrap\"><h4 class=\"uagb-ifb-title\">EXCELENCIA OPERACIONAL<\/h4><\/div><p class=\"uagb-ifb-desc\">INGENIER\u00cdA<\/p><\/div><\/div>\n<\/div>\n\n\n\n<div class=\"wp-block-uagb-container uagb-block-efa81cd8\">\n<div data-aos= \"fade-left\" data-aos-duration=\"400\" data-aos-delay=\"0\" data-aos-easing=\"ease\" data-aos-once=\"true\" class=\"wp-block-uagb-info-box uagb-block-2905d85b uagb-infobox__content-wrap  uagb-infobox-icon-above-title uagb-infobox-image-valign-top\"><div class=\"uagb-ifb-content\"><div class=\"uagb-ifb-image-content\"><img decoding=\"async\" src=\"https:\/\/bck.com.pe\/web\/wp-content\/uploads\/2025\/09\/proyector_MALLA0002.png\" alt=\"\" width=\"684\" height=\"514\" loading=\"lazy\"\/><\/div><div class=\"uagb-ifb-title-wrap\"><h4 class=\"uagb-ifb-title\">INNOVACI\u00d3N TECNOL\u00d3GICA EN P&amp;V<\/h4><\/div><p class=\"uagb-ifb-desc\">MINER\u00cdA<\/p><\/div><\/div>\n<\/div>\n\n\n\n<div class=\"wp-block-uagb-container uagb-block-0d46d70f\">\n<div data-aos= \"fade-left\" data-aos-duration=\"400\" data-aos-delay=\"0\" data-aos-easing=\"ease\" data-aos-once=\"true\" class=\"wp-block-uagb-info-box uagb-block-bffd4e3b uagb-infobox__content-wrap  uagb-infobox-icon-above-title uagb-infobox-image-valign-top\"><div class=\"uagb-ifb-content\"><div class=\"uagb-ifb-image-content\"><img decoding=\"async\" src=\"https:\/\/bck.com.pe\/web\/wp-content\/uploads\/2025\/09\/remediacionambiental001-min.png\" alt=\"\" width=\"1161\" height=\"866\" loading=\"lazy\"\/><\/div><div class=\"uagb-ifb-title-wrap\"><h4 class=\"uagb-ifb-title\">REMEDIACI\u00d3N AMBIENTAL<\/h4><\/div><p class=\"uagb-ifb-desc\">MINER\u00cdA<\/p><\/div><\/div>\n<\/div>\n<\/div>\n\n\n\n<div style=\"height:28px\" aria-hidden=\"true\" class=\"wp-block-spacer\"><\/div>\n\n\n\n<div class=\"wp-block-uagb-container uagb-block-f29e222e\">\n<div class=\"wp-block-uagb-container uagb-block-ec4fe87a\">\n<div data-aos= \"fade-left\" data-aos-duration=\"400\" data-aos-delay=\"0\" data-aos-easing=\"ease\" data-aos-once=\"true\" class=\"wp-block-uagb-info-box uagb-block-f6035e12 uagb-infobox__content-wrap  uagb-infobox-icon-above-title uagb-infobox-image-valign-top\"><div class=\"uagb-ifb-content\"><div class=\"uagb-ifb-image-content\"><img decoding=\"async\" src=\"https:\/\/bck.com.pe\/web\/wp-content\/uploads\/2025\/09\/SERVICIOSMINEROS-min.png\" alt=\"\" width=\"1161\" height=\"866\" loading=\"lazy\"\/><\/div><div class=\"uagb-ifb-title-wrap\"><h4 class=\"uagb-ifb-title\">SERVICIOS MINEROS<br>Y OUTSOURCING<\/h4><\/div><p class=\"uagb-ifb-desc\">MINER\u00cdA<\/p><\/div><\/div>\n<\/div>\n\n\n\n<div class=\"wp-block-uagb-container uagb-block-d6dc72ed\">\n<div data-aos= \"fade-left\" data-aos-duration=\"400\" data-aos-delay=\"0\" data-aos-easing=\"ease\" data-aos-once=\"true\" class=\"wp-block-uagb-info-box uagb-block-bbfe2869 uagb-infobox__content-wrap  uagb-infobox-icon-above-title uagb-infobox-image-valign-top\"><div class=\"uagb-ifb-content\"><div class=\"uagb-ifb-image-content\"><img decoding=\"async\" src=\"https:\/\/bck.com.pe\/web\/wp-content\/uploads\/2025\/09\/peforacion0002-min.png\" alt=\"\" width=\"1161\" height=\"866\" loading=\"lazy\"\/><\/div><div class=\"uagb-ifb-title-wrap\"><h4 class=\"uagb-ifb-title\">SERVICIO INTEGRAL DE PERFORACI\u00d3N Y VOLADURA<\/h4><\/div><p class=\"uagb-ifb-desc\">MINER\u00cdA<\/p><\/div><\/div>\n<\/div>\n\n\n\n<div class=\"wp-block-uagb-container uagb-block-45a6bc3f\">\n<div data-aos= \"fade-left\" data-aos-duration=\"400\" data-aos-delay=\"0\" data-aos-easing=\"ease\" data-aos-once=\"true\" class=\"wp-block-uagb-info-box uagb-block-89d60939 uagb-infobox__content-wrap  uagb-infobox-icon-above-title uagb-infobox-image-valign-top\"><div class=\"uagb-ifb-content\"><div class=\"uagb-ifb-image-content\"><img decoding=\"async\" src=\"https:\/\/bck.com.pe\/web\/wp-content\/uploads\/2025\/09\/proyector_MALLA0002.png\" alt=\"\" width=\"684\" height=\"514\" loading=\"lazy\"\/><\/div><div class=\"uagb-ifb-title-wrap\"><h4 class=\"uagb-ifb-title\">PROYECTOR DE MALLAS DE PERFORACI\u00d3N <\/h4><\/div><p class=\"uagb-ifb-desc\">MINER\u00cdA<\/p><\/div><\/div>\n<\/div>\n<\/div>\n<\/div><\/div>\n\n\n\n<p><\/p>\n","protected":false},"excerpt":{"rendered":"<p>EXCELENCIA OPERACIONAL Mas de 10 a\u00f1os liderando la excelencia operacional en el sector minero NUESTROS PRODUCTOS En BCK CONTRATISTAS GENERALES ponemos a disposici\u00f3n de la industria minera nuestros productos y experiencia para mejorar sus procesos mineros, asegurando un equilibrio entre seguridad y control de costos en operaciones subterr\u00e1neas. SERVICIOS En BCK CONTRATISTAS GENERALES ponemos a [&hellip;]<\/p>\n","protected":false},"author":1,"featured_media":0,"parent":0,"menu_order":0,"comment_status":"closed","ping_status":"closed","template":"","meta":{"_uag_custom_page_level_css":"","site-sidebar-layout":"no-sidebar","site-content-layout":"page-builder","ast-site-content-layout":"full-width-container","site-content-style":"unboxed","site-sidebar-style":"unboxed","ast-global-header-display":"","ast-banner-title-visibility":"","ast-main-header-display":"","ast-hfb-above-header-display":"","ast-hfb-below-header-display":"","ast-hfb-mobile-header-display":"","site-post-title":"disabled","ast-breadcrumbs-content":"","ast-featured-img":"disabled","footer-sml-layout":"","theme-transparent-header-meta":"enabled","adv-header-id-meta":"","stick-header-meta":"","header-above-stick-meta":"","header-main-stick-meta":"","header-below-stick-meta":"","astra-migrate-meta-layouts":"set","ast-page-background-enabled":"default","ast-page-background-meta":{"desktop":{"background-color":"","background-image":"","background-repeat":"repeat","background-position":"center center","background-size":"auto","background-attachment":"scroll","background-type":"","background-media":"","overlay-type":"","overlay-color":"","overlay-opacity":"","overlay-gradient":""},"tablet":{"background-color":"","background-image":"","background-repeat":"repeat","background-position":"center center","background-size":"auto","background-attachment":"scroll","background-type":"","background-media":"","overlay-type":"","overlay-color":"","overlay-opacity":"","overlay-gradient":""},"mobile":{"background-color":"","background-image":"","background-repeat":"repeat","background-position":"center center","background-size":"auto","background-attachment":"scroll","background-type":"","background-media":"","overlay-type":"","overlay-color":"","overlay-opacity":"","overlay-gradient":""}},"ast-content-background-meta":{"desktop":{"background-color":"var(--ast-global-color-5)","background-image":"","background-repeat":"repeat","background-position":"center center","background-size":"auto","background-attachment":"scroll","background-type":"","background-media":"","overlay-type":"","overlay-color":"","overlay-opacity":"","overlay-gradient":""},"tablet":{"background-color":"var(--ast-global-color-5)","background-image":"","background-repeat":"repeat","background-position":"center center","background-size":"auto","background-attachment":"scroll","background-type":"","background-media":"","overlay-type":"","overlay-color":"","overlay-opacity":"","overlay-gradient":""},"mobile":{"background-color":"var(--ast-global-color-5)","background-image":"","background-repeat":"repeat","background-position":"center center","background-size":"auto","background-attachment":"scroll","background-type":"","background-media":"","overlay-type":"","overlay-color":"","overlay-opacity":"","overlay-gradient":""}},"footnotes":""},"class_list":["post-1815","page","type-page","status-publish","hentry"],"_hostinger_reach_plugin_has_subscription_block":false,"_hostinger_reach_plugin_is_elementor":false,"uagb_featured_image_src":{"full":false,"thumbnail":false,"medium":false,"medium_large":false,"large":false,"1536x1536":false,"2048x2048":false},"uagb_author_info":{"display_name":"admin","author_link":"https:\/\/bck.com.pe\/web\/author\/admin\/"},"uagb_comment_info":0,"uagb_excerpt":"EXCELENCIA OPERACIONAL Mas de 10 a\u00f1os liderando la excelencia operacional en el sector minero NUESTROS PRODUCTOS En BCK CONTRATISTAS GENERALES ponemos a disposici\u00f3n de la industria minera nuestros productos y experiencia para mejorar sus procesos mineros, asegurando un equilibrio entre seguridad y control de costos en operaciones subterr\u00e1neas. SERVICIOS En BCK CONTRATISTAS GENERALES ponemos a&hellip;","_links":{"self":[{"href":"https:\/\/bck.com.pe\/web\/wp-json\/wp\/v2\/pages\/1815","targetHints":{"allow":["GET"]}}],"collection":[{"href":"https:\/\/bck.com.pe\/web\/wp-json\/wp\/v2\/pages"}],"about":[{"href":"https:\/\/bck.com.pe\/web\/wp-json\/wp\/v2\/types\/page"}],"author":[{"embeddable":true,"href":"https:\/\/bck.com.pe\/web\/wp-json\/wp\/v2\/users\/1"}],"replies":[{"embeddable":true,"href":"https:\/\/bck.com.pe\/web\/wp-json\/wp\/v2\/comments?post=1815"}],"version-history":[{"count":130,"href":"https:\/\/bck.com.pe\/web\/wp-json\/wp\/v2\/pages\/1815\/revisions"}],"predecessor-version":[{"id":4759,"href":"https:\/\/bck.com.pe\/web\/wp-json\/wp\/v2\/pages\/1815\/revisions\/4759"}],"wp:attachment":[{"href":"https:\/\/bck.com.pe\/web\/wp-json\/wp\/v2\/media?parent=1815"}],"curies":[{"name":"wp","href":"https:\/\/api.w.org\/{rel}","templated":true}]}}