{"id":4153,"date":"2025-09-21T07:24:33","date_gmt":"2025-09-21T07:24:33","guid":{"rendered":"https:\/\/bck.com.pe\/web\/?page_id=4153"},"modified":"2025-10-17T16:53:11","modified_gmt":"2025-10-17T16:53:11","slug":"serviciosminerosoutsourcing","status":"publish","type":"page","link":"https:\/\/bck.com.pe\/web\/serviciosminerosoutsourcing\/","title":{"rendered":"Servicios Mineros y Outsourcing"},"content":{"rendered":"\n<div class=\"wp-block-uagb-container uagb-block-b21e3a3e alignfull uagb-is-root-container\"><div class=\"uagb-container-inner-blocks-wrap\">\n<div class=\"wp-block-uagb-advanced-heading uagb-block-a803d745\"><h1 class=\"uagb-heading-text\">Servicios Mineros<br>y Outsourcing<\/h1><\/div>\n<\/div><\/div>\n\n\n\n<div class=\"wp-block-uagb-container uagb-block-e7cfe7eb alignfull uagb-is-root-container\"><div class=\"uagb-container-inner-blocks-wrap\">\n<div class=\"wp-block-uagb-container uagb-block-16813ad1\">\n<figure class=\"wp-block-image size-large has-custom-border\"><img loading=\"lazy\" decoding=\"async\" width=\"1024\" height=\"764\" src=\"https:\/\/bck.com.pe\/web\/wp-content\/uploads\/2025\/09\/SERVICIOSMINEROS-min-1024x764.png\" alt=\"\" class=\"wp-image-4354\" style=\"border-radius:32px\" srcset=\"https:\/\/bck.com.pe\/web\/wp-content\/uploads\/2025\/09\/SERVICIOSMINEROS-min-1024x764.png 1024w, https:\/\/bck.com.pe\/web\/wp-content\/uploads\/2025\/09\/SERVICIOSMINEROS-min-300x224.png 300w, https:\/\/bck.com.pe\/web\/wp-content\/uploads\/2025\/09\/SERVICIOSMINEROS-min-768x573.png 768w, https:\/\/bck.com.pe\/web\/wp-content\/uploads\/2025\/09\/SERVICIOSMINEROS-min.png 1161w\" sizes=\"auto, (max-width: 1024px) 100vw, 1024px\" \/><\/figure>\n<\/div>\n\n\n\n<div class=\"wp-block-uagb-container uagb-block-fa9c3217\">\n<div class=\"wp-block-uagb-advanced-heading uagb-block-d515af29\"><h2 class=\"uagb-heading-text\">Servicios generales en miner\u00eda<\/h2><div class=\"uagb-separator\"><\/div><p class=\"uagb-desc-text\"><strong>BCK CONTRATISTAS GENERALES<\/strong> SAC, desde nuestros inicios, hemos consolidado una trayectoria marcada por la entrega de resultados tangibles y la capacidad de adaptarnos a los retos de la industria.<\/p><\/div>\n\n\n\n<div class=\"wp-block-uagb-container uagb-block-119a7c42\">\n<div class=\"wp-block-uagb-icon-list uagb-block-a527d8cf\"><div class=\"uagb-icon-list__wrap\">\n<div class=\"wp-block-uagb-icon-list-child uagb-block-08ede2df\"><span class=\"uagb-icon-list__label\">1.-Demoliciones con voladura electr\u00f3nica en zonas industriales como: Plantas concentradoras, Talleres, Campamentos, SSEE, Carreteras, autopistas, zonas residenciales, entre otros.<br>2.-Rotura de pavimentos y excavaciones, manual y con maquinaria. Obras Civiles relacionadas.<br>3.-Instalaci\u00f3n de servicios en interior mina y superficie:<br>&#8211; Redes de aire, agua, drenaje, se\u00f1alizaciones, cableados de comunicaci\u00f3n, luminarias, otros.<br>-Drenaje de mina, excavaci\u00f3n y construcci\u00f3n de cunetas<br>-Obras civiles menores en interior mina.<br>-Mantenimiento de v\u00edas.<br>-Pintado de infraestructuras como plantas concentradoras, talleres, campamentos, etc.<br>4.-Perforaci\u00f3n con taladros largos.<br>5.-Cierre de minas y remediaci\u00f3n ambiental,construcci\u00f3n de plataformas de perforaci\u00f3n cumpliendo est\u00e1ndares socio ambientales.<br>6.- Movimiento de tierras.<br>7.- Servicios generales en miner\u00eda.<\/span><\/div>\n<\/div><\/div>\n<\/div>\n<\/div>\n<\/div><\/div>\n\n\n\n<div class=\"wp-block-uagb-container uagb-block-ab8b7212 alignfull uagb-is-root-container\"><div class=\"uagb-container-inner-blocks-wrap\">\n<div class=\"wp-block-uagb-container uagb-block-35d0f2fe\">\n<div class=\"wp-block-uagb-advanced-heading uagb-block-e511174d\"><h2 class=\"uagb-heading-text\">OUTSOURCING<\/h2><div class=\"uagb-separator\"><\/div><\/div>\n\n\n\n<div class=\"wp-block-uagb-container uagb-block-60536e9e\">\n<div class=\"wp-block-uagb-icon-list uagb-block-a6bfb0c2\"><div class=\"uagb-icon-list__wrap\">\n<div class=\"wp-block-uagb-icon-list-child uagb-block-56aa2a7b\"><span class=\"uagb-icon-list__label\">El Outsourcing es una estrategia que permite a nuestros clientes delegar funciones espec\u00edficas a una empresa especializada como BCK, optimizando recursos y enfoc\u00e1ndose en su core business.<br>Al asumir estas tareas bajo contrato, garantizamos eficiencia, control y mejora continua en los procesos externalizados.<br><br>En BCK, transformamos la subcontrataci\u00f3n en una ventaja operativa, elevando la calidad del servicio y aportando valor real a las operaciones mineras.<br>-Realizamos tareas seg\u00fan requerimiento de nuestros clientes a trav\u00e9s de la tercerizaci\u00f3n<br>-Otros puntos relacionados con el outsourcing.<\/span><\/div>\n<\/div><\/div>\n<\/div>\n<\/div>\n\n\n\n<div class=\"wp-block-uagb-container uagb-block-adc91c40\">\n<figure class=\"wp-block-image size-full has-custom-border\"><img loading=\"lazy\" decoding=\"async\" width=\"792\" height=\"560\" src=\"https:\/\/bck.com.pe\/web\/wp-content\/uploads\/2025\/09\/FONDO_FOTO01.png\" alt=\"\" class=\"wp-image-3950\" style=\"border-radius:32px\" srcset=\"https:\/\/bck.com.pe\/web\/wp-content\/uploads\/2025\/09\/FONDO_FOTO01.png 792w, https:\/\/bck.com.pe\/web\/wp-content\/uploads\/2025\/09\/FONDO_FOTO01-300x212.png 300w, https:\/\/bck.com.pe\/web\/wp-content\/uploads\/2025\/09\/FONDO_FOTO01-768x543.png 768w\" sizes=\"auto, (max-width: 792px) 100vw, 792px\" \/><\/figure>\n<\/div>\n<\/div><\/div>\n\n\n\n<div class=\"wp-block-uagb-container uagb-block-586e1be5 alignfull uagb-is-root-container\"><div class=\"uagb-container-inner-blocks-wrap\">\n<div style=\"height:26px\" aria-hidden=\"true\" class=\"wp-block-spacer\"><\/div>\n\n\n\n<div style=\"height:46px\" aria-hidden=\"true\" class=\"wp-block-spacer\"><\/div>\n\n\n\n<div class=\"wp-block-uagb-container uagb-block-ecf3325a\">\n<div class=\"wp-block-uagb-container uagb-block-cba15a10\">\n<div data-aos= \"fade-left\" data-aos-duration=\"400\" data-aos-delay=\"0\" data-aos-easing=\"ease\" data-aos-once=\"true\" class=\"wp-block-uagb-info-box uagb-block-ad1e75d9 uagb-infobox__content-wrap  uagb-infobox-icon-above-title uagb-infobox-image-valign-top\"><div class=\"uagb-ifb-content\"><div class=\"uagb-ifb-image-content\"><img decoding=\"async\" src=\"https:\/\/bck.com.pe\/web\/wp-content\/uploads\/2025\/09\/excelenciaoperativa0003-min.png\" alt=\"\" width=\"1161\" height=\"866\" loading=\"lazy\"\/><\/div><div class=\"uagb-ifb-title-wrap\"><h4 class=\"uagb-ifb-title\">EXCELENCIA OPERACIONAL<\/h4><\/div><p class=\"uagb-ifb-desc\">INGENIER\u00cdA<\/p><\/div><\/div>\n<\/div>\n\n\n\n<div class=\"wp-block-uagb-container uagb-block-efa81cd8\">\n<div data-aos= \"fade-left\" data-aos-duration=\"400\" data-aos-delay=\"0\" data-aos-easing=\"ease\" data-aos-once=\"true\" class=\"wp-block-uagb-info-box uagb-block-2905d85b uagb-infobox__content-wrap  uagb-infobox-icon-above-title uagb-infobox-image-valign-top\"><div class=\"uagb-ifb-content\"><div class=\"uagb-ifb-image-content\"><img decoding=\"async\" src=\"https:\/\/bck.com.pe\/web\/wp-content\/uploads\/2025\/09\/proyector_MALLA0002.png\" alt=\"\" width=\"684\" height=\"514\" loading=\"lazy\"\/><\/div><div class=\"uagb-ifb-title-wrap\"><h4 class=\"uagb-ifb-title\">INNOVACI\u00d3N TECNOL\u00d3GICA EN P&amp;V<\/h4><\/div><p class=\"uagb-ifb-desc\">MINER\u00cdA<\/p><\/div><\/div>\n<\/div>\n\n\n\n<div class=\"wp-block-uagb-container uagb-block-0d46d70f\">\n<div data-aos= \"fade-left\" data-aos-duration=\"400\" data-aos-delay=\"0\" data-aos-easing=\"ease\" data-aos-once=\"true\" class=\"wp-block-uagb-info-box uagb-block-bffd4e3b uagb-infobox__content-wrap  uagb-infobox-icon-above-title uagb-infobox-image-valign-top\"><div class=\"uagb-ifb-content\"><div class=\"uagb-ifb-image-content\"><img decoding=\"async\" src=\"https:\/\/bck.com.pe\/web\/wp-content\/uploads\/2025\/09\/remediacionambiental001-min.png\" alt=\"\" width=\"1161\" height=\"866\" loading=\"lazy\"\/><\/div><div class=\"uagb-ifb-title-wrap\"><h4 class=\"uagb-ifb-title\">REMEDIACI\u00d3N AMBIENTAL<\/h4><\/div><p class=\"uagb-ifb-desc\">MINER\u00cdA<\/p><\/div><\/div>\n<\/div>\n<\/div>\n\n\n\n<div style=\"height:38px\" aria-hidden=\"true\" class=\"wp-block-spacer\"><\/div>\n\n\n\n<div class=\"wp-block-uagb-container uagb-block-f29e222e\">\n<div class=\"wp-block-uagb-container uagb-block-ec4fe87a\">\n<div data-aos= \"fade-left\" data-aos-duration=\"400\" data-aos-delay=\"0\" data-aos-easing=\"ease\" data-aos-once=\"true\" class=\"wp-block-uagb-info-box uagb-block-f6035e12 uagb-infobox__content-wrap  uagb-infobox-icon-above-title uagb-infobox-image-valign-top\"><div class=\"uagb-ifb-content\"><div class=\"uagb-ifb-image-content\"><img decoding=\"async\" src=\"https:\/\/bck.com.pe\/web\/wp-content\/uploads\/2025\/09\/SERVICIOSMINEROS-min.png\" alt=\"\" width=\"1161\" height=\"866\" loading=\"lazy\"\/><\/div><div class=\"uagb-ifb-title-wrap\"><h4 class=\"uagb-ifb-title\">SERVICIOS MINEROS<br>Y OUTSOURCING<\/h4><\/div><p class=\"uagb-ifb-desc\">MINER\u00cdA<\/p><\/div><\/div>\n<\/div>\n\n\n\n<div class=\"wp-block-uagb-container uagb-block-d6dc72ed\">\n<div data-aos= \"fade-left\" data-aos-duration=\"400\" data-aos-delay=\"0\" data-aos-easing=\"ease\" data-aos-once=\"true\" class=\"wp-block-uagb-info-box uagb-block-bbfe2869 uagb-infobox__content-wrap  uagb-infobox-icon-above-title uagb-infobox-image-valign-top\"><div class=\"uagb-ifb-content\"><div class=\"uagb-ifb-image-content\"><img decoding=\"async\" src=\"https:\/\/bck.com.pe\/web\/wp-content\/uploads\/2025\/09\/peforacion0002-min.png\" alt=\"\" width=\"1161\" height=\"866\" loading=\"lazy\"\/><\/div><div class=\"uagb-ifb-title-wrap\"><h4 class=\"uagb-ifb-title\">SERVICIO INTEGRAL DE PERFORACI\u00d3N Y VOLADURA<\/h4><\/div><p class=\"uagb-ifb-desc\">MINER\u00cdA<\/p><\/div><\/div>\n<\/div>\n\n\n\n<div class=\"wp-block-uagb-container uagb-block-45a6bc3f\">\n<div data-aos= \"fade-left\" data-aos-duration=\"400\" data-aos-delay=\"0\" data-aos-easing=\"ease\" data-aos-once=\"true\" class=\"wp-block-uagb-info-box uagb-block-89d60939 uagb-infobox__content-wrap  uagb-infobox-icon-above-title uagb-infobox-image-valign-top\"><div class=\"uagb-ifb-content\"><div class=\"uagb-ifb-image-content\"><img decoding=\"async\" src=\"https:\/\/bck.com.pe\/web\/wp-content\/uploads\/2025\/09\/proyector_MALLA0002.png\" alt=\"\" width=\"684\" height=\"514\" loading=\"lazy\"\/><\/div><div class=\"uagb-ifb-title-wrap\"><h4 class=\"uagb-ifb-title\">PROYECTOR DE MALLAS DE PERFORACI\u00d3N<\/h4><\/div><p class=\"uagb-ifb-desc\">MINER\u00cdA<\/p><\/div><\/div>\n<\/div>\n<\/div>\n<\/div><\/div>\n\n\n\n<div class=\"wp-block-uagb-container uagb-block-987b5d6d alignfull uagb-is-root-container\"><div class=\"uagb-container-inner-blocks-wrap\">\n<div class=\"wp-block-uagb-advanced-heading uagb-block-6484604e\"><h2 class=\"uagb-heading-text\">BROCHURE BCK<\/h2><div class=\"uagb-separator\"><\/div><p class=\"uagb-desc-text\">You can use these sections to highlight the features of heading. Use these paragraphs to focus on the topic you want. Make sure you keep it short and attractive.<\/p><\/div>\n\n\n\n<iframe loading=\"lazy\" src=\"https:\/\/online.flippingbook.com\/view\/125408094\/\" width=\"100%\" height=\"600\" frameborder=\"0\" allowfullscreen><\/iframe>\n<\/div><\/div>\n\n\n\n<div class=\"wp-block-uagb-container uag-blocks-common-selector uagb-block-edbeb5ab alignfull uagb-is-root-container\"><div class=\"uagb-container-inner-blocks-wrap\">\n<div class=\"wp-block-uagb-info-box uagb-block-f7d55f89 uagb-infobox__content-wrap  uagb-infobox-icon-above-title uagb-infobox-image-valign-top\"><div class=\"uagb-ifb-content\"><div class=\"uagb-ifb-title-wrap\"><div class=\"uagb-ifb-separator\"><\/div><h2 class=\"uagb-ifb-title\">SERVICIOS MINEROS Y OUTSOURCING<\/h2><\/div><p class=\"uagb-ifb-desc\">SERVICIO INTEGRAL DE PERFORACI\u00d3N Y VOLADURA<\/p><div class=\"uagb-ifb-button-wrapper wp-block-button\"><a href=\"https:\/\/bck.com.pe\/web\/contacto\/\" class=\"uagb-infobox-cta-link wp-block-button__link\" target=\"_self\" rel=\"noopener noreferrer\" onclick=\"return true;\"><span class=\"uagb-inline-editing\">CONTACTENOS<\/span><svg xmlns=\"https:\/\/www.w3.org\/2000\/svg\" viewBox=\"0 0 512 512\"><path d=\"M504.3 273.6l-112.1 104c-6.992 6.484-17.18 8.218-25.94 4.406c-8.758-3.812-14.42-12.45-14.42-21.1L351.9 288H32C14.33 288 .0002 273.7 .0002 255.1S14.33 224 32 224h319.9l0-72c0-9.547 5.66-18.19 14.42-22c8.754-3.809 18.95-2.075 25.94 4.41l112.1 104C514.6 247.9 514.6 264.1 504.3 273.6z\"><\/path><\/svg><\/a><\/div><\/div><\/div>\n<\/div><\/div>\n","protected":false},"excerpt":{"rendered":"<p>Servicios Minerosy Outsourcing Servicios generales en miner\u00eda BCK CONTRATISTAS GENERALES SAC, desde nuestros inicios, hemos consolidado una trayectoria marcada por la entrega de resultados tangibles y la capacidad de adaptarnos a los retos de la industria. OUTSOURCING BROCHURE BCK You can use these sections to highlight the features of heading. Use these paragraphs to focus [&hellip;]<\/p>\n","protected":false},"author":1,"featured_media":0,"parent":0,"menu_order":0,"comment_status":"closed","ping_status":"closed","template":"","meta":{"_uag_custom_page_level_css":"","site-sidebar-layout":"no-sidebar","site-content-layout":"page-builder","ast-site-content-layout":"full-width-container","site-content-style":"unboxed","site-sidebar-style":"unboxed","ast-global-header-display":"","ast-banner-title-visibility":"","ast-main-header-display":"","ast-hfb-above-header-display":"","ast-hfb-below-header-display":"","ast-hfb-mobile-header-display":"","site-post-title":"disabled","ast-breadcrumbs-content":"","ast-featured-img":"disabled","footer-sml-layout":"","theme-transparent-header-meta":"enabled","adv-header-id-meta":"","stick-header-meta":"","header-above-stick-meta":"","header-main-stick-meta":"","header-below-stick-meta":"","astra-migrate-meta-layouts":"set","ast-page-background-enabled":"default","ast-page-background-meta":{"desktop":{"background-color":"","background-image":"","background-repeat":"repeat","background-position":"center center","background-size":"auto","background-attachment":"scroll","background-type":"","background-media":"","overlay-type":"","overlay-color":"","overlay-opacity":"","overlay-gradient":""},"tablet":{"background-color":"","background-image":"","background-repeat":"repeat","background-position":"center center","background-size":"auto","background-attachment":"scroll","background-type":"","background-media":"","overlay-type":"","overlay-color":"","overlay-opacity":"","overlay-gradient":""},"mobile":{"background-color":"","background-image":"","background-repeat":"repeat","background-position":"center center","background-size":"auto","background-attachment":"scroll","background-type":"","background-media":"","overlay-type":"","overlay-color":"","overlay-opacity":"","overlay-gradient":""}},"ast-content-background-meta":{"desktop":{"background-color":"var(--ast-global-color-5)","background-image":"","background-repeat":"repeat","background-position":"center center","background-size":"auto","background-attachment":"scroll","background-type":"","background-media":"","overlay-type":"","overlay-color":"","overlay-opacity":"","overlay-gradient":""},"tablet":{"background-color":"var(--ast-global-color-5)","background-image":"","background-repeat":"repeat","background-position":"center center","background-size":"auto","background-attachment":"scroll","background-type":"","background-media":"","overlay-type":"","overlay-color":"","overlay-opacity":"","overlay-gradient":""},"mobile":{"background-color":"var(--ast-global-color-5)","background-image":"","background-repeat":"repeat","background-position":"center center","background-size":"auto","background-attachment":"scroll","background-type":"","background-media":"","overlay-type":"","overlay-color":"","overlay-opacity":"","overlay-gradient":""}},"footnotes":""},"class_list":["post-4153","page","type-page","status-publish","hentry"],"_hostinger_reach_plugin_has_subscription_block":false,"_hostinger_reach_plugin_is_elementor":false,"uagb_featured_image_src":{"full":false,"thumbnail":false,"medium":false,"medium_large":false,"large":false,"1536x1536":false,"2048x2048":false},"uagb_author_info":{"display_name":"admin","author_link":"https:\/\/bck.com.pe\/web\/author\/admin\/"},"uagb_comment_info":0,"uagb_excerpt":"Servicios Minerosy Outsourcing Servicios generales en miner\u00eda BCK CONTRATISTAS GENERALES SAC, desde nuestros inicios, hemos consolidado una trayectoria marcada por la entrega de resultados tangibles y la capacidad de adaptarnos a los retos de la industria. OUTSOURCING BROCHURE BCK You can use these sections to highlight the features of heading. Use these paragraphs to focus&hellip;","_links":{"self":[{"href":"https:\/\/bck.com.pe\/web\/wp-json\/wp\/v2\/pages\/4153","targetHints":{"allow":["GET"]}}],"collection":[{"href":"https:\/\/bck.com.pe\/web\/wp-json\/wp\/v2\/pages"}],"about":[{"href":"https:\/\/bck.com.pe\/web\/wp-json\/wp\/v2\/types\/page"}],"author":[{"embeddable":true,"href":"https:\/\/bck.com.pe\/web\/wp-json\/wp\/v2\/users\/1"}],"replies":[{"embeddable":true,"href":"https:\/\/bck.com.pe\/web\/wp-json\/wp\/v2\/comments?post=4153"}],"version-history":[{"count":30,"href":"https:\/\/bck.com.pe\/web\/wp-json\/wp\/v2\/pages\/4153\/revisions"}],"predecessor-version":[{"id":4750,"href":"https:\/\/bck.com.pe\/web\/wp-json\/wp\/v2\/pages\/4153\/revisions\/4750"}],"wp:attachment":[{"href":"https:\/\/bck.com.pe\/web\/wp-json\/wp\/v2\/media?parent=4153"}],"curies":[{"name":"wp","href":"https:\/\/api.w.org\/{rel}","templated":true}]}}